{"id":162,"date":"2026-01-16T16:23:05","date_gmt":"2026-01-16T16:23:05","guid":{"rendered":"https:\/\/www.relaisdelacoquille.fr\/?page_id=162"},"modified":"2026-01-20T19:01:03","modified_gmt":"2026-01-20T19:01:03","slug":"mentions-legales","status":"publish","type":"page","link":"https:\/\/www.relaisdelacoquille.fr\/index.php\/mentions-legales\/","title":{"rendered":"Mentions l\u00e9gales et protection des donn\u00e9es"},"content":{"rendered":"\n<p>Nous mettons tout en \u0153uvre pour que votre exp\u00e9rience, en ligne comme sur place, soit agr\u00e9able et s\u00e9curis\u00e9e.<br>Les informations recueillies sur le formulaire de contact sont enregistr\u00e9es dans un fichier informatis\u00e9 par Manava pour la gestion des r\u00e9servations du Relais de la Coquille.<br><\/p>\n\n\n\n<p><strong>Utilisation<br><\/strong>En validant votre r\u00e9servation, vous acceptez que les informations saisies (nom, pr\u00e9nom, courriel, t\u00e9l\u00e9phone, dates de s\u00e9jour, nombre de personnes) soient utilis\u00e9es par le Relais de la Coquille, \u00e0 la gestion de votre compte client :<\/p>\n\n\n\n<ul class=\"wp-block-list\">\n<li>Suivre votre demande de r\u00e9servation,<\/li>\n\n\n\n<li>Vous contacter en cas de besoin,<\/li>\n\n\n\n<li>\u00c9mettre vos documents de r\u00e9servation et facturation<br><\/li>\n<\/ul>\n\n\n\n<p>Manava n\u2019\u00e9tablit jamais de relation avec le\u00a0client.<br>Le courriel et num\u00e9ro de t\u00e9l\u00e9phone du\u00a0client\u00a0ne seront pas utilis\u00e9s par\u00a0Manava. Ils ne seront en aucun cas revendus \u00e0 des tiers ou utilis\u00e9s pour le d\u00e9marchage t\u00e9l\u00e9phonique ou spam.\u00a0Le client est inform\u00e9 par le Relais de la Coquille, de l\u2019existence de la liste d&rsquo;opposition au d\u00e9marchage t\u00e9l\u00e9phonique \u00ab Bloctel \u00bb, sur laquelle il peut s\u2019inscrire ici :\u00a0https:\/\/conso.bloctel.fr\/.<br><\/p>\n\n\n\n<p><strong>Conservation<\/strong><br>Les informations recueillies sont conserv\u00e9es pendant 10 ans apr\u00e8s la r\u00e9siliation de l&rsquo;abonnement du Relais de la Coquille\u00a0\u00e0 Manava, pour respecter les obligations l\u00e9gales\u00a0(obligation d&rsquo;archivage des donn\u00e9es en vue du contr\u00f4le de l&rsquo;administration fiscale).<br><\/p>\n\n\n\n<p><strong>Stockage<\/strong><br>Elles sont stock\u00e9es\u00a0sur les serveurs de la soci\u00e9t\u00e9 OVH en France<br>Si\u00e8ge social : 2 rue Kellermann \u2013 59100 Roubaix \u2013 France<br>Conform\u00e9ment au RGPD et \u00e0 la loi \u00ab Informatique et Libert\u00e9s \u00bb, le client peut exercer\u00a0son droit d&rsquo;acc\u00e8s aux donn\u00e9es\u00a0le concernant et les faire rectifier en contactant Val\u00e9rie BOLLIET par courriel \u00e0\u00a0: contact@relaisdelacoquille.fr<\/p>\n\n\n\n<p><\/p>\n\n\n\n<p><\/p>\n\n\n\n<p>Certains pictogrammes pr\u00e9sents sur ce site proviennent de <strong>Smashicons<\/strong> et <strong>Freepik<\/strong>. Ces \u00e9l\u00e9ments graphiques sont utilis\u00e9s conform\u00e9ment aux conditions de licence gratuites, avec attribution \u00e0 leur auteur.<\/p>\n","protected":false},"excerpt":{"rendered":"<p>Nous mettons tout en \u0153uvre pour que votre exp\u00e9rience, en ligne comme sur place, soit agr\u00e9able et s\u00e9curis\u00e9e.Les informations recueillies sur le formulaire de contact sont enregistr\u00e9es dans un fichier informatis\u00e9 par Manava pour la gestion des r\u00e9servations du Relais de la Coquille. UtilisationEn validant votre r\u00e9servation, vous acceptez que les informations saisies (nom, pr\u00e9nom, [&hellip;]<\/p>\n","protected":false},"author":1,"featured_media":0,"parent":0,"menu_order":0,"comment_status":"closed","ping_status":"closed","template":"","meta":{"footnotes":""},"class_list":["post-162","page","type-page","status-publish","hentry"],"yoast_head":"<!-- This site is optimized with the Yoast SEO plugin v27.0 - https:\/\/yoast.com\/product\/yoast-seo-wordpress\/ -->\n<title>Mentions l\u00e9gales et protection des donn\u00e9es - Le Relais de la Coquille<\/title>\n<meta name=\"robots\" content=\"index, follow, max-snippet:-1, max-image-preview:large, max-video-preview:-1\" \/>\n<link rel=\"canonical\" href=\"https:\/\/www.relaisdelacoquille.fr\/index.php\/mentions-legales\/\" \/>\n<meta property=\"og:locale\" content=\"fr_FR\" \/>\n<meta property=\"og:type\" content=\"article\" \/>\n<meta property=\"og:title\" content=\"Mentions l\u00e9gales et protection des donn\u00e9es - Le Relais de la Coquille\" \/>\n<meta property=\"og:description\" content=\"Nous mettons tout en \u0153uvre pour que votre exp\u00e9rience, en ligne comme sur place, soit agr\u00e9able et s\u00e9curis\u00e9e.Les informations recueillies sur le formulaire de contact sont enregistr\u00e9es dans un fichier informatis\u00e9 par Manava pour la gestion des r\u00e9servations du Relais de la Coquille. UtilisationEn validant votre r\u00e9servation, vous acceptez que les informations saisies (nom, pr\u00e9nom, [&hellip;]\" \/>\n<meta property=\"og:url\" content=\"https:\/\/www.relaisdelacoquille.fr\/index.php\/mentions-legales\/\" \/>\n<meta property=\"og:site_name\" content=\"Le Relais de la Coquille\" \/>\n<meta property=\"article:modified_time\" content=\"2026-01-20T19:01:03+00:00\" \/>\n<meta name=\"twitter:card\" content=\"summary_large_image\" \/>\n<meta name=\"twitter:label1\" content=\"Dur\u00e9e de lecture estim\u00e9e\" \/>\n\t<meta name=\"twitter:data1\" content=\"2 minutes\" \/>\n<script type=\"application\/ld+json\" class=\"yoast-schema-graph\">{\"@context\":\"https:\/\/schema.org\",\"@graph\":[{\"@type\":\"WebPage\",\"@id\":\"https:\/\/www.relaisdelacoquille.fr\/index.php\/mentions-legales\/\",\"url\":\"https:\/\/www.relaisdelacoquille.fr\/index.php\/mentions-legales\/\",\"name\":\"Mentions l\u00e9gales et protection des donn\u00e9es - Le Relais de la Coquille\",\"isPartOf\":{\"@id\":\"https:\/\/www.relaisdelacoquille.fr\/#website\"},\"datePublished\":\"2026-01-16T16:23:05+00:00\",\"dateModified\":\"2026-01-20T19:01:03+00:00\",\"breadcrumb\":{\"@id\":\"https:\/\/www.relaisdelacoquille.fr\/index.php\/mentions-legales\/#breadcrumb\"},\"inLanguage\":\"fr-FR\",\"potentialAction\":[{\"@type\":\"ReadAction\",\"target\":[\"https:\/\/www.relaisdelacoquille.fr\/index.php\/mentions-legales\/\"]}]},{\"@type\":\"BreadcrumbList\",\"@id\":\"https:\/\/www.relaisdelacoquille.fr\/index.php\/mentions-legales\/#breadcrumb\",\"itemListElement\":[{\"@type\":\"ListItem\",\"position\":1,\"name\":\"Home\",\"item\":\"https:\/\/www.relaisdelacoquille.fr\/\"},{\"@type\":\"ListItem\",\"position\":2,\"name\":\"Mentions l\u00e9gales et protection des donn\u00e9es\"}]},{\"@type\":\"WebSite\",\"@id\":\"https:\/\/www.relaisdelacoquille.fr\/#website\",\"url\":\"https:\/\/www.relaisdelacoquille.fr\/\",\"name\":\"Le Relais de la Coquille\",\"description\":\"\",\"publisher\":{\"@id\":\"https:\/\/www.relaisdelacoquille.fr\/#organization\"},\"potentialAction\":[{\"@type\":\"SearchAction\",\"target\":{\"@type\":\"EntryPoint\",\"urlTemplate\":\"https:\/\/www.relaisdelacoquille.fr\/?s={search_term_string}\"},\"query-input\":{\"@type\":\"PropertyValueSpecification\",\"valueRequired\":true,\"valueName\":\"search_term_string\"}}],\"inLanguage\":\"fr-FR\"},{\"@type\":\"Organization\",\"@id\":\"https:\/\/www.relaisdelacoquille.fr\/#organization\",\"name\":\"Le Relais de la Coquille\",\"url\":\"https:\/\/www.relaisdelacoquille.fr\/\",\"logo\":{\"@type\":\"ImageObject\",\"inLanguage\":\"fr-FR\",\"@id\":\"https:\/\/www.relaisdelacoquille.fr\/#\/schema\/logo\/image\/\",\"url\":\"https:\/\/www.relaisdelacoquille.fr\/wp-content\/uploads\/2026\/01\/image-removebg-preview.png\",\"contentUrl\":\"https:\/\/www.relaisdelacoquille.fr\/wp-content\/uploads\/2026\/01\/image-removebg-preview.png\",\"width\":266,\"height\":266,\"caption\":\"Le Relais de la Coquille\"},\"image\":{\"@id\":\"https:\/\/www.relaisdelacoquille.fr\/#\/schema\/logo\/image\/\"}}]}<\/script>\n<!-- \/ Yoast SEO plugin. -->","yoast_head_json":{"title":"Mentions l\u00e9gales et protection des donn\u00e9es - Le Relais de la Coquille","robots":{"index":"index","follow":"follow","max-snippet":"max-snippet:-1","max-image-preview":"max-image-preview:large","max-video-preview":"max-video-preview:-1"},"canonical":"https:\/\/www.relaisdelacoquille.fr\/index.php\/mentions-legales\/","og_locale":"fr_FR","og_type":"article","og_title":"Mentions l\u00e9gales et protection des donn\u00e9es - Le Relais de la Coquille","og_description":"Nous mettons tout en \u0153uvre pour que votre exp\u00e9rience, en ligne comme sur place, soit agr\u00e9able et s\u00e9curis\u00e9e.Les informations recueillies sur le formulaire de contact sont enregistr\u00e9es dans un fichier informatis\u00e9 par Manava pour la gestion des r\u00e9servations du Relais de la Coquille. UtilisationEn validant votre r\u00e9servation, vous acceptez que les informations saisies (nom, pr\u00e9nom, [&hellip;]","og_url":"https:\/\/www.relaisdelacoquille.fr\/index.php\/mentions-legales\/","og_site_name":"Le Relais de la Coquille","article_modified_time":"2026-01-20T19:01:03+00:00","twitter_card":"summary_large_image","twitter_misc":{"Dur\u00e9e de lecture estim\u00e9e":"2 minutes"},"schema":{"@context":"https:\/\/schema.org","@graph":[{"@type":"WebPage","@id":"https:\/\/www.relaisdelacoquille.fr\/index.php\/mentions-legales\/","url":"https:\/\/www.relaisdelacoquille.fr\/index.php\/mentions-legales\/","name":"Mentions l\u00e9gales et protection des donn\u00e9es - Le Relais de la Coquille","isPartOf":{"@id":"https:\/\/www.relaisdelacoquille.fr\/#website"},"datePublished":"2026-01-16T16:23:05+00:00","dateModified":"2026-01-20T19:01:03+00:00","breadcrumb":{"@id":"https:\/\/www.relaisdelacoquille.fr\/index.php\/mentions-legales\/#breadcrumb"},"inLanguage":"fr-FR","potentialAction":[{"@type":"ReadAction","target":["https:\/\/www.relaisdelacoquille.fr\/index.php\/mentions-legales\/"]}]},{"@type":"BreadcrumbList","@id":"https:\/\/www.relaisdelacoquille.fr\/index.php\/mentions-legales\/#breadcrumb","itemListElement":[{"@type":"ListItem","position":1,"name":"Home","item":"https:\/\/www.relaisdelacoquille.fr\/"},{"@type":"ListItem","position":2,"name":"Mentions l\u00e9gales et protection des donn\u00e9es"}]},{"@type":"WebSite","@id":"https:\/\/www.relaisdelacoquille.fr\/#website","url":"https:\/\/www.relaisdelacoquille.fr\/","name":"Le Relais de la Coquille","description":"","publisher":{"@id":"https:\/\/www.relaisdelacoquille.fr\/#organization"},"potentialAction":[{"@type":"SearchAction","target":{"@type":"EntryPoint","urlTemplate":"https:\/\/www.relaisdelacoquille.fr\/?s={search_term_string}"},"query-input":{"@type":"PropertyValueSpecification","valueRequired":true,"valueName":"search_term_string"}}],"inLanguage":"fr-FR"},{"@type":"Organization","@id":"https:\/\/www.relaisdelacoquille.fr\/#organization","name":"Le Relais de la Coquille","url":"https:\/\/www.relaisdelacoquille.fr\/","logo":{"@type":"ImageObject","inLanguage":"fr-FR","@id":"https:\/\/www.relaisdelacoquille.fr\/#\/schema\/logo\/image\/","url":"https:\/\/www.relaisdelacoquille.fr\/wp-content\/uploads\/2026\/01\/image-removebg-preview.png","contentUrl":"https:\/\/www.relaisdelacoquille.fr\/wp-content\/uploads\/2026\/01\/image-removebg-preview.png","width":266,"height":266,"caption":"Le Relais de la Coquille"},"image":{"@id":"https:\/\/www.relaisdelacoquille.fr\/#\/schema\/logo\/image\/"}}]}},"_links":{"self":[{"href":"https:\/\/www.relaisdelacoquille.fr\/index.php\/wp-json\/wp\/v2\/pages\/162","targetHints":{"allow":["GET"]}}],"collection":[{"href":"https:\/\/www.relaisdelacoquille.fr\/index.php\/wp-json\/wp\/v2\/pages"}],"about":[{"href":"https:\/\/www.relaisdelacoquille.fr\/index.php\/wp-json\/wp\/v2\/types\/page"}],"author":[{"embeddable":true,"href":"https:\/\/www.relaisdelacoquille.fr\/index.php\/wp-json\/wp\/v2\/users\/1"}],"replies":[{"embeddable":true,"href":"https:\/\/www.relaisdelacoquille.fr\/index.php\/wp-json\/wp\/v2\/comments?post=162"}],"version-history":[{"count":3,"href":"https:\/\/www.relaisdelacoquille.fr\/index.php\/wp-json\/wp\/v2\/pages\/162\/revisions"}],"predecessor-version":[{"id":228,"href":"https:\/\/www.relaisdelacoquille.fr\/index.php\/wp-json\/wp\/v2\/pages\/162\/revisions\/228"}],"wp:attachment":[{"href":"https:\/\/www.relaisdelacoquille.fr\/index.php\/wp-json\/wp\/v2\/media?parent=162"}],"curies":[{"name":"wp","href":"https:\/\/api.w.org\/{rel}","templated":true}]}}