{"id":141,"date":"2026-01-11T17:27:13","date_gmt":"2026-01-11T17:27:13","guid":{"rendered":"https:\/\/www.relaisdelacoquille.fr\/?page_id=141"},"modified":"2026-04-14T16:08:56","modified_gmt":"2026-04-14T16:08:56","slug":"contact","status":"publish","type":"page","link":"https:\/\/www.relaisdelacoquille.fr\/index.php\/contact\/","title":{"rendered":"Contact"},"content":{"rendered":"\n<p class=\"has-text-align-center\">Si vous avez une question, contactez moi facilement par mail. <\/p>\n\n\n\n<p class=\"has-text-align-center\">Je vous r\u00e9pondrai rapidement :<br><\/p>\n\n\n\n<div class=\"wp-block-buttons alignfull is-content-justification-center is-layout-flex wp-container-core-buttons-is-layout-127e61ed wp-block-buttons-is-layout-flex\" style=\"border-style:none;border-width:0px;padding-top:var(--wp--preset--spacing--20);padding-bottom:var(--wp--preset--spacing--20)\">\n<div class=\"wp-block-button is-style-outline is-style-outline--1\"><a class=\"wp-block-button__link has-theme-5-color has-theme-1-background-color has-text-color has-background has-link-color has-custom-1-font-size has-custom-font-size wp-element-button\" href=\"mailto:contact@relaisdelacoquille.fr\" style=\"border-top-left-radius:61px;border-top-right-radius:61px;border-bottom-left-radius:61px;border-bottom-right-radius:61px\">Envoyer un message<\/a><\/div>\n<\/div>\n\n\n\n<p class=\"has-text-align-center\">Et si vous pr\u00e9f\u00e9rez m&rsquo;appeler : <strong>06.24.39.21.27<\/strong><\/p>\n","protected":false},"excerpt":{"rendered":"<p>Si vous avez une question, contactez moi facilement par mail. Je vous r\u00e9pondrai rapidement : Et si vous pr\u00e9f\u00e9rez m&rsquo;appeler : 06.24.39.21.27<\/p>\n","protected":false},"author":1,"featured_media":0,"parent":0,"menu_order":0,"comment_status":"closed","ping_status":"closed","template":"","meta":{"footnotes":""},"class_list":["post-141","page","type-page","status-publish","hentry"],"yoast_head":"<!-- This site is optimized with the Yoast SEO plugin v27.0 - https:\/\/yoast.com\/product\/yoast-seo-wordpress\/ -->\n<title>Contact - Le Relais de la Coquille<\/title>\n<meta name=\"robots\" content=\"index, follow, max-snippet:-1, max-image-preview:large, max-video-preview:-1\" \/>\n<link rel=\"canonical\" href=\"https:\/\/www.relaisdelacoquille.fr\/index.php\/contact\/\" \/>\n<meta property=\"og:locale\" content=\"fr_FR\" \/>\n<meta property=\"og:type\" content=\"article\" \/>\n<meta property=\"og:title\" content=\"Contact - Le Relais de la Coquille\" \/>\n<meta property=\"og:description\" content=\"Si vous avez une question, contactez moi facilement par mail. Je vous r\u00e9pondrai rapidement : Et si vous pr\u00e9f\u00e9rez m&rsquo;appeler : 06.24.39.21.27\" \/>\n<meta property=\"og:url\" content=\"https:\/\/www.relaisdelacoquille.fr\/index.php\/contact\/\" \/>\n<meta property=\"og:site_name\" content=\"Le Relais de la Coquille\" \/>\n<meta property=\"article:modified_time\" content=\"2026-04-14T16:08:56+00:00\" \/>\n<meta name=\"twitter:card\" content=\"summary_large_image\" \/>\n<meta name=\"twitter:label1\" content=\"Dur\u00e9e de lecture estim\u00e9e\" \/>\n\t<meta name=\"twitter:data1\" content=\"1 minute\" \/>\n<script type=\"application\/ld+json\" class=\"yoast-schema-graph\">{\"@context\":\"https:\/\/schema.org\",\"@graph\":[{\"@type\":\"WebPage\",\"@id\":\"https:\/\/www.relaisdelacoquille.fr\/index.php\/contact\/\",\"url\":\"https:\/\/www.relaisdelacoquille.fr\/index.php\/contact\/\",\"name\":\"Contact - Le Relais de la Coquille\",\"isPartOf\":{\"@id\":\"https:\/\/www.relaisdelacoquille.fr\/#website\"},\"datePublished\":\"2026-01-11T17:27:13+00:00\",\"dateModified\":\"2026-04-14T16:08:56+00:00\",\"breadcrumb\":{\"@id\":\"https:\/\/www.relaisdelacoquille.fr\/index.php\/contact\/#breadcrumb\"},\"inLanguage\":\"fr-FR\",\"potentialAction\":[{\"@type\":\"ReadAction\",\"target\":[\"https:\/\/www.relaisdelacoquille.fr\/index.php\/contact\/\"]}]},{\"@type\":\"BreadcrumbList\",\"@id\":\"https:\/\/www.relaisdelacoquille.fr\/index.php\/contact\/#breadcrumb\",\"itemListElement\":[{\"@type\":\"ListItem\",\"position\":1,\"name\":\"Home\",\"item\":\"https:\/\/www.relaisdelacoquille.fr\/\"},{\"@type\":\"ListItem\",\"position\":2,\"name\":\"Contact\"}]},{\"@type\":\"WebSite\",\"@id\":\"https:\/\/www.relaisdelacoquille.fr\/#website\",\"url\":\"https:\/\/www.relaisdelacoquille.fr\/\",\"name\":\"Le Relais de la Coquille\",\"description\":\"\",\"publisher\":{\"@id\":\"https:\/\/www.relaisdelacoquille.fr\/#organization\"},\"potentialAction\":[{\"@type\":\"SearchAction\",\"target\":{\"@type\":\"EntryPoint\",\"urlTemplate\":\"https:\/\/www.relaisdelacoquille.fr\/?s={search_term_string}\"},\"query-input\":{\"@type\":\"PropertyValueSpecification\",\"valueRequired\":true,\"valueName\":\"search_term_string\"}}],\"inLanguage\":\"fr-FR\"},{\"@type\":\"Organization\",\"@id\":\"https:\/\/www.relaisdelacoquille.fr\/#organization\",\"name\":\"Le Relais de la Coquille\",\"url\":\"https:\/\/www.relaisdelacoquille.fr\/\",\"logo\":{\"@type\":\"ImageObject\",\"inLanguage\":\"fr-FR\",\"@id\":\"https:\/\/www.relaisdelacoquille.fr\/#\/schema\/logo\/image\/\",\"url\":\"https:\/\/www.relaisdelacoquille.fr\/wp-content\/uploads\/2026\/01\/image-removebg-preview.png\",\"contentUrl\":\"https:\/\/www.relaisdelacoquille.fr\/wp-content\/uploads\/2026\/01\/image-removebg-preview.png\",\"width\":266,\"height\":266,\"caption\":\"Le Relais de la Coquille\"},\"image\":{\"@id\":\"https:\/\/www.relaisdelacoquille.fr\/#\/schema\/logo\/image\/\"}}]}<\/script>\n<!-- \/ Yoast SEO plugin. -->","yoast_head_json":{"title":"Contact - Le Relais de la Coquille","robots":{"index":"index","follow":"follow","max-snippet":"max-snippet:-1","max-image-preview":"max-image-preview:large","max-video-preview":"max-video-preview:-1"},"canonical":"https:\/\/www.relaisdelacoquille.fr\/index.php\/contact\/","og_locale":"fr_FR","og_type":"article","og_title":"Contact - Le Relais de la Coquille","og_description":"Si vous avez une question, contactez moi facilement par mail. Je vous r\u00e9pondrai rapidement : Et si vous pr\u00e9f\u00e9rez m&rsquo;appeler : 06.24.39.21.27","og_url":"https:\/\/www.relaisdelacoquille.fr\/index.php\/contact\/","og_site_name":"Le Relais de la Coquille","article_modified_time":"2026-04-14T16:08:56+00:00","twitter_card":"summary_large_image","twitter_misc":{"Dur\u00e9e de lecture estim\u00e9e":"1 minute"},"schema":{"@context":"https:\/\/schema.org","@graph":[{"@type":"WebPage","@id":"https:\/\/www.relaisdelacoquille.fr\/index.php\/contact\/","url":"https:\/\/www.relaisdelacoquille.fr\/index.php\/contact\/","name":"Contact - Le Relais de la Coquille","isPartOf":{"@id":"https:\/\/www.relaisdelacoquille.fr\/#website"},"datePublished":"2026-01-11T17:27:13+00:00","dateModified":"2026-04-14T16:08:56+00:00","breadcrumb":{"@id":"https:\/\/www.relaisdelacoquille.fr\/index.php\/contact\/#breadcrumb"},"inLanguage":"fr-FR","potentialAction":[{"@type":"ReadAction","target":["https:\/\/www.relaisdelacoquille.fr\/index.php\/contact\/"]}]},{"@type":"BreadcrumbList","@id":"https:\/\/www.relaisdelacoquille.fr\/index.php\/contact\/#breadcrumb","itemListElement":[{"@type":"ListItem","position":1,"name":"Home","item":"https:\/\/www.relaisdelacoquille.fr\/"},{"@type":"ListItem","position":2,"name":"Contact"}]},{"@type":"WebSite","@id":"https:\/\/www.relaisdelacoquille.fr\/#website","url":"https:\/\/www.relaisdelacoquille.fr\/","name":"Le Relais de la Coquille","description":"","publisher":{"@id":"https:\/\/www.relaisdelacoquille.fr\/#organization"},"potentialAction":[{"@type":"SearchAction","target":{"@type":"EntryPoint","urlTemplate":"https:\/\/www.relaisdelacoquille.fr\/?s={search_term_string}"},"query-input":{"@type":"PropertyValueSpecification","valueRequired":true,"valueName":"search_term_string"}}],"inLanguage":"fr-FR"},{"@type":"Organization","@id":"https:\/\/www.relaisdelacoquille.fr\/#organization","name":"Le Relais de la Coquille","url":"https:\/\/www.relaisdelacoquille.fr\/","logo":{"@type":"ImageObject","inLanguage":"fr-FR","@id":"https:\/\/www.relaisdelacoquille.fr\/#\/schema\/logo\/image\/","url":"https:\/\/www.relaisdelacoquille.fr\/wp-content\/uploads\/2026\/01\/image-removebg-preview.png","contentUrl":"https:\/\/www.relaisdelacoquille.fr\/wp-content\/uploads\/2026\/01\/image-removebg-preview.png","width":266,"height":266,"caption":"Le Relais de la Coquille"},"image":{"@id":"https:\/\/www.relaisdelacoquille.fr\/#\/schema\/logo\/image\/"}}]}},"_links":{"self":[{"href":"https:\/\/www.relaisdelacoquille.fr\/index.php\/wp-json\/wp\/v2\/pages\/141","targetHints":{"allow":["GET"]}}],"collection":[{"href":"https:\/\/www.relaisdelacoquille.fr\/index.php\/wp-json\/wp\/v2\/pages"}],"about":[{"href":"https:\/\/www.relaisdelacoquille.fr\/index.php\/wp-json\/wp\/v2\/types\/page"}],"author":[{"embeddable":true,"href":"https:\/\/www.relaisdelacoquille.fr\/index.php\/wp-json\/wp\/v2\/users\/1"}],"replies":[{"embeddable":true,"href":"https:\/\/www.relaisdelacoquille.fr\/index.php\/wp-json\/wp\/v2\/comments?post=141"}],"version-history":[{"count":12,"href":"https:\/\/www.relaisdelacoquille.fr\/index.php\/wp-json\/wp\/v2\/pages\/141\/revisions"}],"predecessor-version":[{"id":517,"href":"https:\/\/www.relaisdelacoquille.fr\/index.php\/wp-json\/wp\/v2\/pages\/141\/revisions\/517"}],"wp:attachment":[{"href":"https:\/\/www.relaisdelacoquille.fr\/index.php\/wp-json\/wp\/v2\/media?parent=141"}],"curies":[{"name":"wp","href":"https:\/\/api.w.org\/{rel}","templated":true}]}}